{"id":2,"date":"2013-06-09T13:56:54","date_gmt":"2013-06-09T11:56:54","guid":{"rendered":"http:\/\/blog.milde-honig.de\/?page_id=2"},"modified":"2013-06-09T20:43:09","modified_gmt":"2013-06-09T18:43:09","slug":"sample-page","status":"publish","type":"page","link":"http:\/\/blog.milde-honig.de\/?page_id=2","title":{"rendered":"Honig"},"content":{"rendered":"<p style=\"text-align: justify;\">Unser Honig wird als Naturprodukt so schonend wie m\u00f6glich gewonnen und verarbeitet. Wir sind Mitglied im Deutschen Imkerbund (Verein Kall und Umgebung) und richten uns nach der \u201eHonigverordnung des Deutschen Imkerbundes\u201c).<br \/>\n<a href=\"http:\/\/blog.milde-honig.de\/wp-content\/uploads\/2013\/06\/Honig.jpg\"><img loading=\"lazy\" decoding=\"async\" class=\"alignnone size-full wp-image-64\" alt=\"Honig\" src=\"http:\/\/blog.milde-honig.de\/wp-content\/uploads\/2013\/06\/Honig.jpg\" width=\"598\" height=\"585\" srcset=\"http:\/\/blog.milde-honig.de\/wp-content\/uploads\/2013\/06\/Honig.jpg 598w, http:\/\/blog.milde-honig.de\/wp-content\/uploads\/2013\/06\/Honig-300x293.jpg 300w, http:\/\/blog.milde-honig.de\/wp-content\/uploads\/2013\/06\/Honig-306x300.jpg 306w\" sizes=\"auto, (max-width: 598px) 100vw, 598px\" \/><\/a><\/p>\n<p style=\"text-align: center;\"><strong><em><span style=\"text-decoration: underline;\">Verbrauchertipps<\/span><\/em><\/strong><\/p>\n<p style=\"text-align: justify;\">M\u00f6chten \u00a0Sie Ihren Honig verfl\u00fcssigen (<strong><em>Achtung! Wertvolle Inhaltsstoffe gehen bei jeder Erw\u00e4rmung verloren<\/em><\/strong>), sollten Sie ihn vorsichtig im Wasserbad bis max. 40 \u00b0 C erw\u00e4rmen. <strong><em>Nie in der Mikrowelle erhitzen. <\/em><\/strong>Hierbei werden wichtige Inhaltstoffe zerst\u00f6rt.<br \/>\nHonig k\u00fchl, trocken und dunkel aufbewahren. Der K\u00fchlschrank ist kein guter Aufbewahrungsort f\u00fcr Honig. Honig nimmt leicht Fremdger\u00fcche an.<br \/>\nSchlie\u00dfen Sie den Deckel des Honigglases immer gut, denn Honig ist hygroskopisch, d.h. er nimmt Feuchtigkeit aus der Umgebung auf. Die Folge davon ist, dass der Wassergehalt des Honigs ansteigt.<br \/>\nBei h\u00f6herem Wassergehalt\u00a0 kann es vorkommen, dass der Honig zu g\u00e4ren beginnt.<br \/>\nSo sch\u00f6n manche Honigt\u00f6pfe auch sind, sie haben meistens den gro\u00dfen Nachteil, dass die Deckel nicht luftdicht schlie\u00dfen und der Honig Feuchtigkeit zieht und Fremdgeschmack annehmen kann.<\/p>\n","protected":false},"excerpt":{"rendered":"<p>Unser Honig wird als Naturprodukt so schonend wie m\u00f6glich gewonnen und verarbeitet. Wir sind Mitglied im Deutschen Imkerbund (Verein Kall und Umgebung) und richten uns nach der \u201eHonigverordnung des Deutschen Imkerbundes\u201c). Verbrauchertipps M\u00f6chten \u00a0Sie Ihren Honig verfl\u00fcssigen (Achtung! Wertvolle Inhaltsstoffe &hellip; <a href=\"http:\/\/blog.milde-honig.de\/?page_id=2\">Weiterlesen <span class=\"meta-nav\">&rarr;<\/span><\/a><\/p>\n","protected":false},"author":1,"featured_media":0,"parent":0,"menu_order":1,"comment_status":"open","ping_status":"closed","template":"","meta":{"footnotes":""},"class_list":["post-2","page","type-page","status-publish","hentry"],"_links":{"self":[{"href":"http:\/\/blog.milde-honig.de\/index.php?rest_route=\/wp\/v2\/pages\/2","targetHints":{"allow":["GET"]}}],"collection":[{"href":"http:\/\/blog.milde-honig.de\/index.php?rest_route=\/wp\/v2\/pages"}],"about":[{"href":"http:\/\/blog.milde-honig.de\/index.php?rest_route=\/wp\/v2\/types\/page"}],"author":[{"embeddable":true,"href":"http:\/\/blog.milde-honig.de\/index.php?rest_route=\/wp\/v2\/users\/1"}],"replies":[{"embeddable":true,"href":"http:\/\/blog.milde-honig.de\/index.php?rest_route=%2Fwp%2Fv2%2Fcomments&post=2"}],"version-history":[{"count":5,"href":"http:\/\/blog.milde-honig.de\/index.php?rest_route=\/wp\/v2\/pages\/2\/revisions"}],"predecessor-version":[{"id":65,"href":"http:\/\/blog.milde-honig.de\/index.php?rest_route=\/wp\/v2\/pages\/2\/revisions\/65"}],"wp:attachment":[{"href":"http:\/\/blog.milde-honig.de\/index.php?rest_route=%2Fwp%2Fv2%2Fmedia&parent=2"}],"curies":[{"name":"wp","href":"https:\/\/api.w.org\/{rel}","templated":true}]}}