{"id":22,"date":"2013-06-09T16:22:00","date_gmt":"2013-06-09T14:22:00","guid":{"rendered":"http:\/\/blog.milde-honig.de\/?page_id=22"},"modified":"2013-06-09T18:49:36","modified_gmt":"2013-06-09T16:49:36","slug":"inhaltsstoffe","status":"publish","type":"page","link":"http:\/\/blog.milde-honig.de\/?page_id=22","title":{"rendered":"Inhaltsstoffe"},"content":{"rendered":"<p align=\"center\"><strong><span style=\"text-decoration: underline;\">Was beinhaltet der Honig?? <\/span><\/strong><\/p>\n<div align=\"left\">\n<p align=\"center\">Enzyme<br \/>\n(Fermente), Glucoseoxidase, Phosphatase ,Invertase, Diastase, Katalase<\/p>\n<p>Vitamine<br \/>\nVitamin C, Vitamin B1, Vitamin B2-Komplex, Vitamin B6, Vitamin H<\/p>\n<p>Mineralien<br \/>\nKalium, Natrium, Calcium, Phosphor, Schwefel, Chlor,\u00a0 Eisen,<br \/>\nMagnesium, weitere Spurenelemente<\/p>\n<p>S\u00e4uren<br \/>\nGlucons\u00e4ure und andere organische S\u00e4uren<br \/>\nz.B. Apfel-, Citronen-, Milchs\u00e4uren<\/p>\n<p align=\"center\">Aminos\u00e4uren<br \/>\nProlin,Leucin\/Isoleucin,Asparagins\u00e4ure,Glutamins\u00e4ure,Phenylalanin,<br \/>\nTheonin,Alanin,Arginin,Histidin, Glycin, Lysin, Serin, Valin, Cystin<\/p>\n<p>Hormone<br \/>\nAcetylcholin<\/p>\n<p>Inhibine<br \/>\nFlavonoide, Glucoseoxidase, Wasserstoffperoxid<br \/>\nund weitere Bactericide<\/p>\n<p>Aromastoffe<br \/>\nCarbons\u00e4uren und Ester, z.B. Phenylessigs\u00e4ureester<\/p>\n<p>Kohlenhydrate<br \/>\nEinfachzucker: Traubenzucker (Glucose), Fruchtzucker (Fructose)<br \/>\nMehrfachzucker: Disaccaride (z.B. Maltose), Trisaccaride (z.B.Erlose)<\/p>\n<p><strong>Wasser<\/strong><\/p>\n<blockquote>\n<hr align=\"center\" width=\"60%\" \/>\n<p><em><span style=\"text-decoration: underline;\"><strong>Honig ist nicht sch\u00e4dlich f\u00fcr die Z\u00e4hne!<\/strong><\/span><br \/>\nDurch ein Enzym im Honig entsteht im Mund in Verbindung mit Speichel keimt\u00f6tendes Wasserstoffperoxid H2O2. <\/em><\/p><\/blockquote>\n<p>Quelle: Aktuelle Imker Literatur<\/p>\n<\/div>\n","protected":false},"excerpt":{"rendered":"<p>Was beinhaltet der Honig?? Enzyme (Fermente), Glucoseoxidase, Phosphatase ,Invertase, Diastase, Katalase Vitamine Vitamin C, Vitamin B1, Vitamin B2-Komplex, Vitamin B6, Vitamin H Mineralien Kalium, Natrium, Calcium, Phosphor, Schwefel, Chlor,\u00a0 Eisen, Magnesium, weitere Spurenelemente S\u00e4uren Glucons\u00e4ure und andere organische S\u00e4uren z.B. &hellip; <a href=\"http:\/\/blog.milde-honig.de\/?page_id=22\">Weiterlesen <span class=\"meta-nav\">&rarr;<\/span><\/a><\/p>\n","protected":false},"author":1,"featured_media":0,"parent":2,"menu_order":3,"comment_status":"closed","ping_status":"closed","template":"","meta":{"footnotes":""},"class_list":["post-22","page","type-page","status-publish","hentry"],"_links":{"self":[{"href":"http:\/\/blog.milde-honig.de\/index.php?rest_route=\/wp\/v2\/pages\/22","targetHints":{"allow":["GET"]}}],"collection":[{"href":"http:\/\/blog.milde-honig.de\/index.php?rest_route=\/wp\/v2\/pages"}],"about":[{"href":"http:\/\/blog.milde-honig.de\/index.php?rest_route=\/wp\/v2\/types\/page"}],"author":[{"embeddable":true,"href":"http:\/\/blog.milde-honig.de\/index.php?rest_route=\/wp\/v2\/users\/1"}],"replies":[{"embeddable":true,"href":"http:\/\/blog.milde-honig.de\/index.php?rest_route=%2Fwp%2Fv2%2Fcomments&post=22"}],"version-history":[{"count":3,"href":"http:\/\/blog.milde-honig.de\/index.php?rest_route=\/wp\/v2\/pages\/22\/revisions"}],"predecessor-version":[{"id":47,"href":"http:\/\/blog.milde-honig.de\/index.php?rest_route=\/wp\/v2\/pages\/22\/revisions\/47"}],"up":[{"embeddable":true,"href":"http:\/\/blog.milde-honig.de\/index.php?rest_route=\/wp\/v2\/pages\/2"}],"wp:attachment":[{"href":"http:\/\/blog.milde-honig.de\/index.php?rest_route=%2Fwp%2Fv2%2Fmedia&parent=22"}],"curies":[{"name":"wp","href":"https:\/\/api.w.org\/{rel}","templated":true}]}}